{"id":36,"date":"2024-02-16T14:54:13","date_gmt":"2024-02-16T07:54:13","guid":{"rendered":"https:\/\/bareitallpetfoods.com\/keonhacai-ty-le-keo-nha-cai\/?page_id=36"},"modified":"2024-02-19T15:24:00","modified_gmt":"2024-02-19T08:24:00","slug":"about","status":"publish","type":"page","link":"http:\/\/bareitallpetfoods.com\/keonhacai-ty-le-keo-nha-cai\/about\/","title":{"rendered":"Gi\u1edbi thi\u1ec7u K\u00e8o Nh\u00e0 C\u00e1i 5 Tenisweb"},"content":{"rendered":"\n<h1 style=\"text-align: center;\"><span class=\"ez-toc-section\" id=\"Gioi_Thieu_Ve_Keo_Nha_Cai_5_TenisWeb\"><\/span>Gi\u1edbi Thi\u1ec7u V\u1ec1 K\u00e8o Nh\u00e0 C\u00e1i 5 TenisWeb<span class=\"ez-toc-section-end\"><\/span><\/h1>\n<p><img loading=\"lazy\" decoding=\"async\" class=\"size-full wp-image-95 aligncenter\" src=\"https:\/\/bareitallpetfoods.com\/wp-content\/uploads\/2024\/02\/gioi-thieu-keo-nha-cai-5-tenisweb.webp\" alt=\"gioi-thieu-keo-nha-cai-5-tenisweb\" width=\"800\" height=\"450\" srcset=\"http:\/\/bareitallpetfoods.com\/wp-content\/uploads\/2024\/02\/gioi-thieu-keo-nha-cai-5-tenisweb.webp 800w, http:\/\/bareitallpetfoods.com\/wp-content\/uploads\/2024\/02\/gioi-thieu-keo-nha-cai-5-tenisweb-300x169.webp 300w, http:\/\/bareitallpetfoods.com\/wp-content\/uploads\/2024\/02\/gioi-thieu-keo-nha-cai-5-tenisweb-768x432.webp 768w\" sizes=\"auto, (max-width: 800px) 100vw, 800px\" \/><\/p><div id=\"ez-toc-container\" class=\"ez-toc-v2_0_62 counter-hierarchy ez-toc-counter ez-toc-grey ez-toc-container-direction\">\n<div class=\"ez-toc-title-container\">\n<span class=\"ez-toc-title-toggle\"><a href=\"#\" class=\"ez-toc-pull-right ez-toc-btn ez-toc-btn-xs ez-toc-btn-default ez-toc-toggle\" aria-label=\"Toggle Table of Content\"><span class=\"ez-toc-js-icon-con\"><span class=\"\"><span class=\"eztoc-hide\" style=\"display:none;\">Toggle<\/span><span class=\"ez-toc-icon-toggle-span\"><svg style=\"fill: #999;color:#999\" xmlns=\"http:\/\/www.w3.org\/2000\/svg\" class=\"list-377408\" width=\"20px\" height=\"20px\" viewBox=\"0 0 24 24\" fill=\"none\"><path d=\"M6 6H4v2h2V6zm14 0H8v2h12V6zM4 11h2v2H4v-2zm16 0H8v2h12v-2zM4 16h2v2H4v-2zm16 0H8v2h12v-2z\" fill=\"currentColor\"><\/path><\/svg><svg style=\"fill: #999;color:#999\" class=\"arrow-unsorted-368013\" xmlns=\"http:\/\/www.w3.org\/2000\/svg\" width=\"10px\" height=\"10px\" viewBox=\"0 0 24 24\" version=\"1.2\" baseProfile=\"tiny\"><path d=\"M18.2 9.3l-6.2-6.3-6.2 6.3c-.2.2-.3.4-.3.7s.1.5.3.7c.2.2.4.3.7.3h11c.3 0 .5-.1.7-.3.2-.2.3-.5.3-.7s-.1-.5-.3-.7zM5.8 14.7l6.2 6.3 6.2-6.3c.2-.2.3-.5.3-.7s-.1-.5-.3-.7c-.2-.2-.4-.3-.7-.3h-11c-.3 0-.5.1-.7.3-.2.2-.3.5-.3.7s.1.5.3.7z\"\/><\/svg><\/span><\/span><\/span><\/a><\/span><\/div>\n<nav><ul class='ez-toc-list ez-toc-list-level-1 eztoc-toggle-hide-by-default' ><li class='ez-toc-page-1 ez-toc-heading-level-1'><a class=\"ez-toc-link ez-toc-heading-1\" href=\"http:\/\/bareitallpetfoods.com\/keonhacai-ty-le-keo-nha-cai\/about\/#Gioi_Thieu_Ve_Keo_Nha_Cai_5_TenisWeb\" title=\"Gi\u1edbi Thi\u1ec7u V\u1ec1 K\u00e8o Nh\u00e0 C\u00e1i 5 TenisWeb\">Gi\u1edbi Thi\u1ec7u V\u1ec1 K\u00e8o Nh\u00e0 C\u00e1i 5 TenisWeb<\/a><ul class='ez-toc-list-level-2' ><li class='ez-toc-heading-level-2'><a class=\"ez-toc-link ez-toc-heading-2\" href=\"http:\/\/bareitallpetfoods.com\/keonhacai-ty-le-keo-nha-cai\/about\/#Thu_Gui_Quy_Vi_Khan_Gia_Tu_Doi_Ngu_Keo_Nha_Cai_5_Tenisweb\" title=\"Th\u01b0 G\u1eedi Qu\u00fd V\u1ecb Kh\u00e1n Gi\u1ea3 T\u1eeb \u0110\u1ed9i Ng\u0169 K\u00e8o Nh\u00e0 C\u00e1i 5 Tenisweb\">Th\u01b0 G\u1eedi Qu\u00fd V\u1ecb Kh\u00e1n Gi\u1ea3 T\u1eeb \u0110\u1ed9i Ng\u0169 K\u00e8o Nh\u00e0 C\u00e1i 5 Tenisweb<\/a><\/li><li class='ez-toc-page-1 ez-toc-heading-level-2'><a class=\"ez-toc-link ez-toc-heading-3\" href=\"http:\/\/bareitallpetfoods.com\/keonhacai-ty-le-keo-nha-cai\/about\/#Tai_sao_chon_Tenisweb_lam_thuong_hieu_cho_Keo_Nha_Cai_5\" title=\"T\u1ea1i sao ch\u1ecdn Tenisweb l\u00e0m th\u01b0\u01a1ng hi\u1ec7u cho K\u00e8o Nh\u00e0 C\u00e1i 5\">T\u1ea1i sao ch\u1ecdn Tenisweb l\u00e0m th\u01b0\u01a1ng hi\u1ec7u cho K\u00e8o Nh\u00e0 C\u00e1i 5<\/a><\/li><li class='ez-toc-page-1 ez-toc-heading-level-2'><a class=\"ez-toc-link ez-toc-heading-4\" href=\"http:\/\/bareitallpetfoods.com\/keonhacai-ty-le-keo-nha-cai\/about\/#Thong_Tin_Huu_Ich\" title=\"Th\u00f4ng Tin H\u1eefu \u00cdch\">Th\u00f4ng Tin H\u1eefu \u00cdch<\/a><\/li><\/ul><\/li><\/ul><\/nav><\/div>\n\n<h2><span class=\"ez-toc-section\" id=\"Thu_Gui_Quy_Vi_Khan_Gia_Tu_Doi_Ngu_Keo_Nha_Cai_5_Tenisweb\"><\/span>Th\u01b0 G\u1eedi Qu\u00fd V\u1ecb Kh\u00e1n Gi\u1ea3 T\u1eeb \u0110\u1ed9i Ng\u0169 K\u00e8o Nh\u00e0 C\u00e1i 5 Tenisweb<span class=\"ez-toc-section-end\"><\/span><\/h2>\n<p>Ch\u00e0o m\u1eebng qu\u00fd v\u1ecb \u0111\u1ebfn v\u1edbi <a href=\"https:\/\/bareitallpetfoods.com\/keonhacai-ty-le-keo-nha-cai\/\">K\u00e8o Nh\u00e0 C\u00e1i 5 Tenisweb<\/a>. T\u00f4i l\u00e0 Quang Vinh, ng\u01b0\u1eddi s\u00e1ng l\u1eadp v\u00e0 l\u00e0 m\u1ed9t trong nh\u1eefng chuy\u00ean gia h\u00e0ng \u0111\u1ea7u t\u1ea1i \u0111\u00e2y, v\u1edbi nhi\u1ec1u n\u0103m kinh nghi\u1ec7m trong thi \u0111\u1ea5u th\u1ec3 thao chuy\u00ean nghi\u1ec7p, \u0111\u1eb7c bi\u1ec7t l\u00e0 tennis. V\u1edbi b\u1ec1 d\u00e0y kinh nghi\u1ec7m v\u00e0 s\u1ef1 \u0111am m\u00ea m\u00e3nh li\u1ec7t, t\u00f4i t\u1ef1 h\u00e0o gi\u1edbi thi\u1ec7u <a href=\"https:\/\/bareitallpetfoods.com\/keonhacai-ty-le-keo-nha-cai\/\">K\u00e8o Nh\u00e0 C\u00e1i 5<\/a> Tenisweb nh\u01b0 m\u1ed9t \u0111i\u1ec3m \u0111\u1ebfn tin c\u1eady cho nh\u1eefng ai y\u00eau th\u00edch c\u00e1 c\u01b0\u1ee3c tennis, n\u01a1i cung c\u1ea5p th\u00f4ng tin t\u1ef7 l\u1ec7 k\u00e8o ch\u00ednh x\u00e1c v\u00e0 c\u1eadp nh\u1eadt t\u1eeb c\u00e1c nh\u00e0 c\u00e1i uy t\u00edn.<\/p>\n<p>T\u1ea1i K\u00e8o Nh\u00e0 C\u00e1i 5 Tenisweb, ch\u00fang t\u00f4i kh\u00f4ng ch\u1ec9 cung c\u1ea5p t\u1ef7 l\u1ec7 k\u00e8o m\u00e0 c\u00f2n mang \u0111\u1ebfn c\u00e1i nh\u00ecn s\u00e2u s\u1eafc v\u1ec1 c\u00e1c y\u1ebfu t\u1ed1 \u1ea3nh h\u01b0\u1edfng \u0111\u1ebfn k\u1ebft qu\u1ea3 tr\u1eadn \u0111\u1ea5u. \u0110i\u1ec1u n\u00e0y bao g\u1ed3m phong \u0111\u1ed9 c\u1ee7a v\u1eadn \u0111\u1ed9ng vi\u00ean, l\u1ecbch s\u1eed \u0111\u1ed1i \u0111\u1ea7u, t\u00ecnh h\u00ecnh s\u1ee9c kh\u1ecfe v\u00e0 th\u1eadm ch\u00ed c\u1ea3 c\u00e1c y\u1ebfu t\u1ed1 b\u00ean ngo\u00e0i nh\u01b0 th\u1eddi ti\u1ebft. M\u1ee5c ti\u00eau c\u1ee7a ch\u00fang t\u00f4i l\u00e0 cung c\u1ea5p m\u1ed9t ngu\u1ed3n th\u00f4ng tin ch\u1ea5t l\u01b0\u1ee3ng, gi\u00fap ng\u01b0\u1eddi h\u00e2m m\u1ed9 v\u00e0 ng\u01b0\u1eddi ch\u01a1i c\u00e1 c\u01b0\u1ee3c \u0111\u01b0a ra quy\u1ebft \u0111\u1ecbnh d\u1ef1a tr\u00ean nh\u1eefng ph\u00e2n t\u00edch chuy\u00ean s\u00e2u v\u00e0 d\u1eef li\u1ec7u \u0111\u01b0\u1ee3c c\u1eadp nh\u1eadt th\u01b0\u1eddng xuy\u00ean.<\/p>\n<p>V\u1edbi kinh nghi\u1ec7m d\u00e0y d\u1ea1n, ch\u00fang t\u00f4i hi\u1ec3u r\u1eb1ng \u0111\u1ec3 th\u00e0nh c\u00f4ng trong c\u00e1 c\u01b0\u1ee3c tennis, ng\u01b0\u1eddi ch\u01a1i c\u1ea7n ph\u1ea3i c\u00f3 ki\u1ebfn th\u1ee9c s\u00e2u r\u1ed9ng v\u1ec1 m\u00f4n th\u1ec3 thao n\u00e0y v\u00e0 kh\u1ea3 n\u0103ng ph\u00e2n t\u00edch, \u0111\u00e1nh gi\u00e1 th\u00f4ng tin m\u1ed9t c\u00e1ch ch\u00ednh x\u00e1c. Ch\u00ednh v\u00ec l\u00fd do n\u00e0y, K\u00e8o Nh\u00e0 C\u00e1i 5 Tenisweb cam k\u1ebft mang l\u1ea1i th\u00f4ng tin ch\u1ea5t l\u01b0\u1ee3ng cao, \u0111\u01b0\u1ee3c chu\u1ea9n b\u1ecb v\u00e0 ph\u00e2n t\u00edch b\u1edfi \u0111\u1ed9i ng\u0169 chuy\u00ean gia c\u00f3 kinh nghi\u1ec7m nh\u01b0 t\u00f4i.<\/p>\n<p>Ch\u00fang t\u00f4i tin t\u01b0\u1edfng r\u1eb1ng, v\u1edbi s\u1ef1 \u0111am m\u00ea v\u00e0 cam k\u1ebft t\u1eeb ph\u00eda \u0111\u1ed9i ng\u0169 c\u1ee7a m\u00ecnh, K\u00e8o Nh\u00e0 C\u00e1i 5 Tenisweb s\u1ebd tr\u1edf th\u00e0nh n\u01a1i l\u00fd t\u01b0\u1edfng cho nh\u1eefng ai t\u00ecm ki\u1ebfm th\u00f4ng tin c\u00e1 c\u01b0\u1ee3c tennis ch\u00ednh x\u00e1c, c\u1eadp nh\u1eadt v\u00e0 \u0111\u00e1ng tin c\u1eady. H\u00e3y c\u00f9ng ch\u00fang t\u00f4i kh\u00e1m ph\u00e1 th\u1ebf gi\u1edbi c\u00e1 c\u01b0\u1ee3c tennis m\u1ed9t c\u00e1ch chuy\u00ean nghi\u1ec7p v\u00e0 th\u00f4ng minh.<\/p>\n<h2><span class=\"ez-toc-section\" id=\"Tai_sao_chon_Tenisweb_lam_thuong_hieu_cho_Keo_Nha_Cai_5\"><\/span>T\u1ea1i sao ch\u1ecdn Tenisweb l\u00e0m th\u01b0\u01a1ng hi\u1ec7u cho K\u00e8o Nh\u00e0 C\u00e1i 5<span class=\"ez-toc-section-end\"><\/span><\/h2>\n<p>T\u00f4i c\u00f9ng \u0111\u1ed9i ng\u0169 s\u00e1ng l\u1eadp mu\u1ed1n chia s\u1ebb quy\u1ebft \u0111\u1ecbnh \u0111\u1eb1ng sau vi\u1ec7c ch\u1ecdn t\u00ean th\u01b0\u01a1ng hi\u1ec7u n\u00e0y cho d\u1ef1 \u00e1n c\u00e1 c\u01b0\u1ee3c b\u00f3ng \u0111\u00e1 c\u1ee7a m\u00ecnh. S\u1ef1 l\u1ef1a ch\u1ecdn n\u00e0y kh\u00f4ng ch\u1ec9 ph\u1ea3n \u00e1nh c\u00e1 nh\u00e2n t\u00f4i v\u00e0 ni\u1ec1m \u0111am m\u00ea d\u00e0nh cho tennis, m\u00e0 c\u00f2n th\u1ec3 hi\u1ec7n tri\u1ebft l\u00fd \u0111\u1eb1ng sau vi\u1ec7c k\u1ebft n\u1ed1i c\u00e1c m\u00f4n th\u1ec3 thao kh\u00e1c nhau th\u00f4ng qua m\u1ed9t tinh th\u1ea7n chung.<\/p>\n<p>Tennis, v\u1edbi s\u1ef1 tinh t\u1ebf, chi\u1ebfn thu\u1eadt v\u00e0 y\u00eau c\u1ea7u v\u1ec1 s\u1ef1 t\u1eadp trung cao \u0111\u1ed9, lu\u00f4n l\u00e0 h\u00ecnh m\u1eabu cho s\u1ef1 ki\u00ean \u0111\u1ecbnh v\u00e0 m\u1ee5c ti\u00eau ph\u1ea5n \u0111\u1ea5u kh\u00f4ng ng\u1eebng trong s\u1ef1 nghi\u1ec7p th\u1ec3 thao c\u1ee7a t\u00f4i. Khi m\u1edf r\u1ed9ng sang l\u0129nh v\u1ef1c c\u00e1 c\u01b0\u1ee3c b\u00f3ng \u0111\u00e1, t\u00f4i mu\u1ed1n mang l\u1ea1i m\u1ed9t c\u00e1i nh\u00ecn m\u1edbi m\u1ebb, k\u1ebft h\u1ee3p gi\u1eefa tinh th\u1ea7n chi\u1ebfn \u0111\u1ea5u c\u1ee7a tennis v\u00e0 s\u1ef1 h\u00e0o h\u1ee9ng, kh\u00f4ng k\u00e9m ph\u1ea7n chi\u1ebfn thu\u1eadt, c\u1ee7a b\u00f3ng \u0111\u00e1. &#8220;K\u00e8o nh\u00e0 c\u00e1i 5 tenisweb&#8221; kh\u00f4ng ch\u1ec9 l\u00e0 m\u1ed9t th\u01b0\u01a1ng hi\u1ec7u; n\u00f3 l\u00e0 m\u1ed9t s\u1ef1 kh\u1eb3ng \u0111\u1ecbnh v\u1ec1 vi\u1ec7c v\u01b0\u1ee3t qua gi\u1edbi h\u1ea1n c\u1ee7a m\u1ed9t m\u00f4n th\u1ec3 thao, t\u1ea1o d\u1ef1ng m\u1ed9t c\u1ea7u n\u1ed1i gi\u1eefa c\u00e1c ni\u1ec1m \u0111am m\u00ea, v\u00e0 khuy\u1ebfn kh\u00edch m\u1ed9t c\u00e1ch ti\u1ebfp c\u1eadn m\u1edbi trong vi\u1ec7c th\u01b0\u1edfng th\u1ee9c v\u00e0 tham gia v\u00e0o th\u1ebf gi\u1edbi th\u1ec3 thao.<\/p>\n<p>S\u1ef1 k\u1ebft h\u1ee3p gi\u1eefa t\u00ean c\u1ee7a m\u1ed9t m\u00f4n th\u1ec3 thao nh\u01b0 tennis v\u00e0 c\u00e1 c\u01b0\u1ee3c b\u00f3ng \u0111\u00e1 c\u00f3 th\u1ec3 khi\u1ebfn m\u1ed9t s\u1ed1 ng\u01b0\u1eddi b\u1ea5t ng\u1edd. Tuy nhi\u00ean, \u0111\u00f3 ch\u00ednh x\u00e1c l\u00e0 \u0111i\u1ec3m m\u1ea1nh c\u1ee7a ch\u00fang t\u00f4i. Ch\u00fang t\u00f4i mu\u1ed1n ph\u00e1 v\u1ee1 khu\u00f4n m\u1eabu, kh\u00e1m ph\u00e1 nh\u1eefng li\u00ean k\u1ebft kh\u00f4ng ng\u1edd v\u00e0 mang \u0111\u1ebfn cho ng\u01b0\u1eddi h\u00e2m m\u1ed9 m\u1ed9t tr\u1ea3i nghi\u1ec7m \u0111\u1ed9c \u0111\u00e1o, n\u01a1i h\u1ecd c\u00f3 th\u1ec3 k\u1ebft n\u1ed1i v\u1edbi tr\u00f2 ch\u01a1i \u1edf m\u1ed9t m\u1ee9c \u0111\u1ed9 s\u00e2u s\u1eafc h\u01a1n. &#8220;K\u00e8o nh\u00e0 c\u00e1i 5 tenisweb&#8221; t\u01b0\u1ee3ng tr\u01b0ng cho s\u1ef1 \u0111\u1ed5i m\u1edbi, s\u1ef1 k\u1ebft h\u1ee3p gi\u1eefa tr\u00ed tu\u1ec7 v\u00e0 \u0111am m\u00ea, v\u00e0 quan tr\u1ecdng nh\u1ea5t, n\u00f3 th\u1ec3 hi\u1ec7n kh\u00e1t v\u1ecdng c\u1ee7a ch\u00fang t\u00f4i trong vi\u1ec7c t\u1ea1o ra m\u1ed9t n\u1ec1n t\u1ea3ng c\u00e1 c\u01b0\u1ee3c b\u00f3ng \u0111\u00e1 kh\u00f4ng ch\u1ec9 gi\u1edbi h\u1ea1n \u1edf vi\u1ec7c \u0111\u1eb7t c\u01b0\u1ee3c, m\u00e0 c\u00f2n l\u00e0 n\u01a1i \u0111\u1ec3 chia s\u1ebb ki\u1ebfn th\u1ee9c, chi\u1ebfn l\u01b0\u1ee3c v\u00e0 ni\u1ec1m \u0111am m\u00ea v\u1edbi c\u1ed9ng \u0111\u1ed3ng.<\/p>\n<p>Qua &#8220;k\u00e8o nh\u00e0 c\u00e1i 5 tenisweb&#8221;, ch\u00fang t\u00f4i mong mu\u1ed1n m\u1edf r\u1ed9ng t\u1ea7m nh\u00ecn c\u1ee7a m\u1ecdi ng\u01b0\u1eddi v\u1ec1 c\u00e1 c\u01b0\u1ee3c th\u1ec3 thao, kh\u00f4ng ch\u1ec9 l\u00e0 m\u1ed9t ho\u1ea1t \u0111\u1ed9ng gi\u1ea3i tr\u00ed m\u00e0 c\u00f2n l\u00e0 m\u1ed9t ph\u1ea7n c\u1ee7a cu\u1ed9c s\u1ed1ng th\u1ec3 thao \u0111a d\u1ea1ng, n\u01a1i m\u1ed7i tr\u1eadn \u0111\u1ea5u, m\u1ed7i qu\u1ea3 b\u00f3ng, mang theo nh\u1eefng c\u00e2u chuy\u1ec7n, chi\u1ebfn thu\u1eadt v\u00e0 \u0111am m\u00ea ri\u00eang.<\/p>\n<h2><span class=\"ez-toc-section\" id=\"Thong_Tin_Huu_Ich\"><\/span>Th\u00f4ng Tin H\u1eefu \u00cdch<span class=\"ez-toc-section-end\"><\/span><\/h2>\n<p>\u1ede ph\u1ea7n Ph\u1ee5 L\u1ee5c n\u00e0y, t\u00f4i mu\u1ed1n chia s\u1ebb v\u1edbi c\u00e1c b\u1ea1n v\u1ec1 nh\u1eefng c\u00f4ng c\u1ee5 v\u00e0 t\u00e0i nguy\u00ean h\u1eefu \u00edch m\u00e0 t\u00f4i th\u01b0\u1eddng xuy\u00ean s\u1eed d\u1ee5ng \u0111\u1ec3 ph\u00e2n t\u00edch k\u00e8o b\u00f3ng \u0111\u00e1 t\u1ea1i K\u00e8o Nh\u00e0 C\u00e1i 5 Tenisweb. \u0110\u00e2y l\u00e0 nh\u1eefng c\u00f4ng c\u1ee5 gi\u00fap t\u00f4i v\u00e0 c\u00f3 th\u1ec3 gi\u00fap b\u1ea1n \u0111\u01b0a ra quy\u1ebft \u0111\u1ecbnh ch\u00ednh x\u00e1c h\u01a1n khi \u0111\u1eb7t c\u01b0\u1ee3c.<\/p>\n<ol>\n<li>\n<p><strong>Soi K\u00e8o<\/strong>: \u0110\u00e2y l\u00e0 qu\u00e1 tr\u00ecnh n\u1eafm b\u1eaft v\u00e0 ph\u00e2n t\u00edch th\u00f4ng tin, t\u1eeb \u0111\u00f3 \u0111\u01b0a ra d\u1ef1 \u0111o\u00e1n v\u1ec1 k\u1ebft qu\u1ea3 tr\u1eadn \u0111\u1ea5u. T\u00f4i d\u1ef1a v\u00e0o \u0111\u00e1nh gi\u00e1 t\u1ed5ng th\u1ec3 v\u1ec1 phong \u0111\u1ed9 c\u1ee7a c\u00e1c \u0111\u1ed9i, th\u00f4ng tin v\u1ec1 ch\u1ea5n th\u01b0\u01a1ng c\u1ee7a c\u1ea7u th\u1ee7, l\u1ecbch s\u1eed \u0111\u1ed1i \u0111\u1ea7u gi\u1eefa hai \u0111\u1ed9i, v\u00e0 c\u1ea3 c\u00e1c y\u1ebfu t\u1ed1 ngo\u1ea1i c\u1ea3nh nh\u01b0 th\u1eddi ti\u1ebft.<\/p>\n<\/li>\n<li>\n<p><strong>T\u1ef7 L\u1ec7 K\u00e8o<\/strong>: T\u1ef7 l\u1ec7 k\u00e8o cung c\u1ea5p c\u00e1i nh\u00ecn s\u00e2u s\u1eafc v\u1ec1 c\u00e1ch th\u1ecb tr\u01b0\u1eddng v\u00e0 nh\u00e0 c\u00e1i \u0111\u00e1nh gi\u00e1 kh\u1ea3 n\u0103ng th\u1eafng c\u1ee7a m\u1ed7i \u0111\u1ed9i. T\u00f4i lu\u00f4n so s\u00e1nh t\u1ef7 l\u1ec7 k\u00e8o t\u1eeb nhi\u1ec1u nh\u00e0 c\u00e1i \u0111\u1ec3 t\u00ecm ra c\u01a1 h\u1ed9i \u0111\u1eb7t c\u01b0\u1ee3c gi\u00e1 tr\u1ecb nh\u1ea5t.<\/p>\n<\/li>\n<li>\n<p><strong>Nh\u1eadn \u0110\u1ecbnh B\u00f3ng \u0110\u00e1<\/strong>: \u0110\u00e1nh gi\u00e1 t\u1eeb c\u00e1c chuy\u00ean gia gi\u00fap t\u00f4i c\u00f3 c\u00e1i nh\u00ecn \u0111a chi\u1ec1u v\u00e0 s\u00e2u s\u1eafc h\u01a1n v\u1ec1 c\u00e1c tr\u1eadn \u0111\u1ea5u. T\u00f4i th\u01b0\u1eddng xuy\u00ean theo d\u00f5i v\u00e0 \u0111\u1ed1i chi\u1ebfu \u00fd ki\u1ebfn c\u1ee7a h\u1ecd v\u1edbi ph\u00e2n t\u00edch c\u00e1 nh\u00e2n \u0111\u1ec3 c\u00f3 nh\u1eadn \u0111\u1ecbnh ch\u00ednh x\u00e1c nh\u1ea5t.<\/p>\n<\/li>\n<li>\n<p><strong>Tin T\u1ee9c B\u00f3ng \u0110\u00e1<\/strong>: C\u1eadp nh\u1eadt tin t\u1ee9c b\u00f3ng \u0111\u00e1 l\u00e0 c\u1ef1c k\u1ef3 quan tr\u1ecdng. T\u1eeb th\u00f4ng tin v\u1ec1 ch\u1ea5n th\u01b0\u01a1ng, t\u00ecnh h\u00ecnh t\u1eadp luy\u1ec7n, cho \u0111\u1ebfn nh\u1eefng bi\u1ebfn \u0111\u1ed9ng trong \u0111\u1ed9i h\u00ecnh, t\u1ea5t c\u1ea3 \u0111\u1ec1u \u1ea3nh h\u01b0\u1edfng \u0111\u1ebfn k\u1ebft qu\u1ea3 tr\u1eadn \u0111\u1ea5u.<\/p>\n<\/li>\n<li>\n<p><strong>Ki\u1ebfn Th\u1ee9c v\u00e0 Kinh Nghi\u1ec7m Soi K\u00e8o<\/strong>: Vi\u1ec7c t\u00edch l\u0169y ki\u1ebfn th\u1ee9c v\u00e0 kinh nghi\u1ec7m l\u00e0 m\u1ed9t qu\u00e1 tr\u00ecnh kh\u00f4ng ng\u1eebng. T\u00f4i lu\u00f4n t\u00ecm ki\u1ebfm, h\u1ecdc h\u1ecfi t\u1eeb s\u00e1ch, b\u00e0i vi\u1ebft, kh\u00f3a h\u1ecdc, v\u00e0 th\u1eadm ch\u00ed l\u00e0 t\u1eeb ch\u00ednh tr\u1ea3i nghi\u1ec7m c\u1ee7a m\u00ecnh \u0111\u1ec3 n\u00e2ng cao k\u1ef9 n\u0103ng ph\u00e2n t\u00edch v\u00e0 \u0111\u1eb7t c\u01b0\u1ee3c.<\/p>\n<\/li>\n<\/ol>\n<p>T\u1ea1i K\u00e8o Nh\u00e0 C\u00e1i 5 Tenisweb, ch\u00fang t\u00f4i cam k\u1ebft cung c\u1ea5p nh\u1eefng th\u00f4ng tin ch\u00ednh x\u00e1c, c\u1eadp nh\u1eadt v\u00e0 h\u1eefu \u00edch nh\u1ea5t \u0111\u1ec3 b\u1ea1n c\u00f3 th\u1ec3 t\u1eadn d\u1ee5ng t\u1ed1i \u0111a trong qu\u00e1 tr\u00ecnh soi k\u00e8o v\u00e0 \u0111\u1eb7t c\u01b0\u1ee3c. Hy v\u1ecdng r\u1eb1ng, v\u1edbi nh\u1eefng c\u00f4ng c\u1ee5 v\u00e0 t\u00e0i nguy\u00ean n\u00e0y, b\u1ea1n s\u1ebd c\u00f3 th\u00eam nhi\u1ec1u c\u01a1 h\u1ed9i chi\u1ebfn th\u1eafng v\u00e0 t\u0103ng th\u00eam ni\u1ec1m vui khi theo d\u00f5i b\u00f3ng \u0111\u00e1.<\/p>\n<p>\u00a0<\/p>\n\n","protected":false},"excerpt":{"rendered":"","protected":false},"author":2,"featured_media":95,"parent":0,"menu_order":0,"comment_status":"closed","ping_status":"closed","template":"","meta":{"footnotes":""},"class_list":["post-36","page","type-page","status-publish","has-post-thumbnail","hentry"],"_links":{"self":[{"href":"http:\/\/bareitallpetfoods.com\/keonhacai-ty-le-keo-nha-cai\/wp-json\/wp\/v2\/pages\/36","targetHints":{"allow":["GET"]}}],"collection":[{"href":"http:\/\/bareitallpetfoods.com\/keonhacai-ty-le-keo-nha-cai\/wp-json\/wp\/v2\/pages"}],"about":[{"href":"http:\/\/bareitallpetfoods.com\/keonhacai-ty-le-keo-nha-cai\/wp-json\/wp\/v2\/types\/page"}],"author":[{"embeddable":true,"href":"http:\/\/bareitallpetfoods.com\/keonhacai-ty-le-keo-nha-cai\/wp-json\/wp\/v2\/users\/2"}],"replies":[{"embeddable":true,"href":"http:\/\/bareitallpetfoods.com\/keonhacai-ty-le-keo-nha-cai\/wp-json\/wp\/v2\/comments?post=36"}],"version-history":[{"count":5,"href":"http:\/\/bareitallpetfoods.com\/keonhacai-ty-le-keo-nha-cai\/wp-json\/wp\/v2\/pages\/36\/revisions"}],"predecessor-version":[{"id":96,"href":"http:\/\/bareitallpetfoods.com\/keonhacai-ty-le-keo-nha-cai\/wp-json\/wp\/v2\/pages\/36\/revisions\/96"}],"wp:featuredmedia":[{"embeddable":true,"href":"http:\/\/bareitallpetfoods.com\/keonhacai-ty-le-keo-nha-cai\/wp-json\/wp\/v2\/media\/95"}],"wp:attachment":[{"href":"http:\/\/bareitallpetfoods.com\/keonhacai-ty-le-keo-nha-cai\/wp-json\/wp\/v2\/media?parent=36"}],"curies":[{"name":"wp","href":"https:\/\/api.w.org\/{rel}","templated":true}]}}