{"id":33,"date":"2024-02-16T14:47:46","date_gmt":"2024-02-16T07:47:46","guid":{"rendered":"https:\/\/bareitallpetfoods.com\/keonhacai-ty-le-keo-nha-cai\/?page_id=33"},"modified":"2024-02-19T15:22:59","modified_gmt":"2024-02-19T08:22:59","slug":"privacy-policy","status":"publish","type":"page","link":"https:\/\/bareitallpetfoods.com\/keonhacai-ty-le-keo-nha-cai\/privacy-policy\/","title":{"rendered":"Ch\u00ednh s\u00e1ch b\u1ea3o m\u1eadt"},"content":{"rendered":"\n<h1 style=\"text-align: center;\"><span class=\"ez-toc-section\" id=\"Chinh_sach_Bao_mat_Keo_Nha_Cai_5_TenisWeb\"><\/span>Ch\u00ednh s\u00e1ch B\u1ea3o m\u1eadt K\u00e8o Nh\u00e0 C\u00e1i 5 TenisWeb<span class=\"ez-toc-section-end\"><\/span><\/h1>\n<h2><span class=\"ez-toc-section\" id=\"Ngay_hieu_luc_15022024\"><\/span>Ng\u00e0y hi\u1ec7u l\u1ef1c: 15\/02\/2024<span class=\"ez-toc-section-end\"><\/span><\/h2>\n<p>Ch\u00e0o m\u1eebng b\u1ea1n \u0111\u1ebfn v\u1edbi website &#8220;<a href=\"https:\/\/bareitallpetfoods.com\/keonhacai-ty-le-keo-nha-cai\/\">K\u00e8o Nh\u00e0 C\u00e1i 5<\/a> TenisWeb&#8221; (<a href=\"https:\/\/bareitallpetfoods.com\/keonhacai-ty-le-keo-nha-cai\/\">https:\/\/bareitallpetfoods.com\/keonhacai-ty-le-keo-nha-cai\/<\/a>). Ch\u00fang t\u00f4i cam k\u1ebft b\u1ea3o v\u1ec7 quy\u1ec1n ri\u00eang t\u01b0 c\u1ee7a b\u1ea1n v\u00e0 x\u1eed l\u00fd d\u1eef li\u1ec7u c\u00e1 nh\u00e2n c\u1ee7a b\u1ea1n m\u1ed9t c\u00e1ch minh b\u1ea1ch, c\u00f4ng b\u1eb1ng v\u00e0 tu\u00e2n th\u1ee7 c\u00e1c quy \u0111\u1ecbnh ph\u00e1p l\u00fd. Ch\u00ednh s\u00e1ch B\u1ea3o m\u1eadt n\u00e0y nh\u1eb1m gi\u1ea3i th\u00edch c\u00e1ch ch\u00fang t\u00f4i thu th\u1eadp, s\u1eed d\u1ee5ng, chia s\u1ebb v\u00e0 b\u1ea3o v\u1ec7 th\u00f4ng tin c\u00e1 nh\u00e2n m\u00e0 b\u1ea1n cung c\u1ea5p cho ch\u00fang t\u00f4i khi s\u1eed d\u1ee5ng website c\u1ee7a ch\u00fang t\u00f4i.<\/p><div id=\"ez-toc-container\" class=\"ez-toc-v2_0_62 counter-hierarchy ez-toc-counter ez-toc-grey ez-toc-container-direction\">\n<div class=\"ez-toc-title-container\">\n<span class=\"ez-toc-title-toggle\"><a href=\"#\" class=\"ez-toc-pull-right ez-toc-btn ez-toc-btn-xs ez-toc-btn-default ez-toc-toggle\" aria-label=\"Toggle Table of Content\"><span class=\"ez-toc-js-icon-con\"><span class=\"\"><span class=\"eztoc-hide\" style=\"display:none;\">Toggle<\/span><span class=\"ez-toc-icon-toggle-span\"><svg style=\"fill: #999;color:#999\" xmlns=\"http:\/\/www.w3.org\/2000\/svg\" class=\"list-377408\" width=\"20px\" height=\"20px\" viewBox=\"0 0 24 24\" fill=\"none\"><path d=\"M6 6H4v2h2V6zm14 0H8v2h12V6zM4 11h2v2H4v-2zm16 0H8v2h12v-2zM4 16h2v2H4v-2zm16 0H8v2h12v-2z\" fill=\"currentColor\"><\/path><\/svg><svg style=\"fill: #999;color:#999\" class=\"arrow-unsorted-368013\" xmlns=\"http:\/\/www.w3.org\/2000\/svg\" width=\"10px\" height=\"10px\" viewBox=\"0 0 24 24\" version=\"1.2\" baseProfile=\"tiny\"><path d=\"M18.2 9.3l-6.2-6.3-6.2 6.3c-.2.2-.3.4-.3.7s.1.5.3.7c.2.2.4.3.7.3h11c.3 0 .5-.1.7-.3.2-.2.3-.5.3-.7s-.1-.5-.3-.7zM5.8 14.7l6.2 6.3 6.2-6.3c.2-.2.3-.5.3-.7s-.1-.5-.3-.7c-.2-.2-.4-.3-.7-.3h-11c-.3 0-.5.1-.7.3-.2.2-.3.5-.3.7s.1.5.3.7z\"\/><\/svg><\/span><\/span><\/span><\/a><\/span><\/div>\n<nav><ul class='ez-toc-list ez-toc-list-level-1 eztoc-toggle-hide-by-default' ><li class='ez-toc-page-1 ez-toc-heading-level-1'><a class=\"ez-toc-link ez-toc-heading-1\" href=\"https:\/\/bareitallpetfoods.com\/keonhacai-ty-le-keo-nha-cai\/privacy-policy\/#Chinh_sach_Bao_mat_Keo_Nha_Cai_5_TenisWeb\" title=\"Ch\u00ednh s\u00e1ch B\u1ea3o m\u1eadt K\u00e8o Nh\u00e0 C\u00e1i 5 TenisWeb\">Ch\u00ednh s\u00e1ch B\u1ea3o m\u1eadt K\u00e8o Nh\u00e0 C\u00e1i 5 TenisWeb<\/a><ul class='ez-toc-list-level-2' ><li class='ez-toc-heading-level-2'><a class=\"ez-toc-link ez-toc-heading-2\" href=\"https:\/\/bareitallpetfoods.com\/keonhacai-ty-le-keo-nha-cai\/privacy-policy\/#Ngay_hieu_luc_15022024\" title=\"Ng\u00e0y hi\u1ec7u l\u1ef1c: 15\/02\/2024\">Ng\u00e0y hi\u1ec7u l\u1ef1c: 15\/02\/2024<\/a><ul class='ez-toc-list-level-3' ><li class='ez-toc-heading-level-3'><a class=\"ez-toc-link ez-toc-heading-3\" href=\"https:\/\/bareitallpetfoods.com\/keonhacai-ty-le-keo-nha-cai\/privacy-policy\/#Thu_thap_Thong_tin\" title=\"Thu th\u1eadp Th\u00f4ng tin\">Thu th\u1eadp Th\u00f4ng tin<\/a><\/li><li class='ez-toc-page-1 ez-toc-heading-level-3'><a class=\"ez-toc-link ez-toc-heading-4\" href=\"https:\/\/bareitallpetfoods.com\/keonhacai-ty-le-keo-nha-cai\/privacy-policy\/#Su_dung_Thong_tin\" title=\"S\u1eed d\u1ee5ng Th\u00f4ng tin\">S\u1eed d\u1ee5ng Th\u00f4ng tin<\/a><\/li><li class='ez-toc-page-1 ez-toc-heading-level-3'><a class=\"ez-toc-link ez-toc-heading-5\" href=\"https:\/\/bareitallpetfoods.com\/keonhacai-ty-le-keo-nha-cai\/privacy-policy\/#Chia_se_va_Tiet_lo_Thong_tin\" title=\"Chia s\u1ebb v\u00e0 Ti\u1ebft l\u1ed9 Th\u00f4ng tin\">Chia s\u1ebb v\u00e0 Ti\u1ebft l\u1ed9 Th\u00f4ng tin<\/a><\/li><li class='ez-toc-page-1 ez-toc-heading-level-3'><a class=\"ez-toc-link ez-toc-heading-6\" href=\"https:\/\/bareitallpetfoods.com\/keonhacai-ty-le-keo-nha-cai\/privacy-policy\/#Bao_ve_Thong_tin\" title=\"B\u1ea3o v\u1ec7 Th\u00f4ng tin\">B\u1ea3o v\u1ec7 Th\u00f4ng tin<\/a><\/li><li class='ez-toc-page-1 ez-toc-heading-level-3'><a class=\"ez-toc-link ez-toc-heading-7\" href=\"https:\/\/bareitallpetfoods.com\/keonhacai-ty-le-keo-nha-cai\/privacy-policy\/#Quyen_cua_Ban\" title=\"Quy\u1ec1n c\u1ee7a B\u1ea1n\">Quy\u1ec1n c\u1ee7a B\u1ea1n<\/a><\/li><li class='ez-toc-page-1 ez-toc-heading-level-3'><a class=\"ez-toc-link ez-toc-heading-8\" href=\"https:\/\/bareitallpetfoods.com\/keonhacai-ty-le-keo-nha-cai\/privacy-policy\/#Thay_doi_Chinh_sach_Bao_mat\" title=\"Thay \u0111\u1ed5i Ch\u00ednh s\u00e1ch B\u1ea3o m\u1eadt\">Thay \u0111\u1ed5i Ch\u00ednh s\u00e1ch B\u1ea3o m\u1eadt<\/a><\/li><li class='ez-toc-page-1 ez-toc-heading-level-3'><a class=\"ez-toc-link ez-toc-heading-9\" href=\"https:\/\/bareitallpetfoods.com\/keonhacai-ty-le-keo-nha-cai\/privacy-policy\/#Lien_he\" title=\"Li\u00ean h\u1ec7\">Li\u00ean h\u1ec7<\/a><\/li><\/ul><\/li><\/ul><\/li><\/ul><\/nav><\/div>\n\n<p><img loading=\"lazy\" decoding=\"async\" class=\"size-full wp-image-93 aligncenter\" src=\"https:\/\/bareitallpetfoods.com\/wp-content\/uploads\/2024\/02\/chinh-sach-bao-mat.webp\" alt=\"chinh-sach-bao-mat\" width=\"800\" height=\"450\" srcset=\"https:\/\/bareitallpetfoods.com\/wp-content\/uploads\/2024\/02\/chinh-sach-bao-mat.webp 800w, https:\/\/bareitallpetfoods.com\/wp-content\/uploads\/2024\/02\/chinh-sach-bao-mat-300x169.webp 300w, https:\/\/bareitallpetfoods.com\/wp-content\/uploads\/2024\/02\/chinh-sach-bao-mat-768x432.webp 768w\" sizes=\"auto, (max-width: 800px) 100vw, 800px\" \/><\/p>\n<h3><span class=\"ez-toc-section\" id=\"Thu_thap_Thong_tin\"><\/span>Thu th\u1eadp Th\u00f4ng tin<span class=\"ez-toc-section-end\"><\/span><\/h3>\n<p>Khi b\u1ea1n truy c\u1eadp v\u00e0o &#8220;K\u00e8o Nh\u00e0 C\u00e1i 5 TenisWeb&#8221;, ch\u00fang t\u00f4i c\u00f3 th\u1ec3 thu th\u1eadp c\u00e1c lo\u1ea1i th\u00f4ng tin sau:<\/p>\n<p>Th\u00f4ng tin c\u00e1 nh\u00e2n b\u1ea1n cung c\u1ea5p khi \u0111\u0103ng k\u00fd t\u00e0i kho\u1ea3n, nh\u01b0 t\u00ean, \u0111\u1ecba ch\u1ec9 email, s\u1ed1 \u0111i\u1ec7n tho\u1ea1i, v\u00e0 \u0111\u1ecba ch\u1ec9 giao d\u1ecbch.<br \/>Th\u00f4ng tin t\u1ef1 \u0111\u1ed9ng thu th\u1eadp khi b\u1ea1n truy c\u1eadp website c\u1ee7a ch\u00fang t\u00f4i, bao g\u1ed3m \u0111\u1ecba ch\u1ec9 IP, lo\u1ea1i tr\u00ecnh duy\u1ec7t, nh\u00e0 cung c\u1ea5p d\u1ecbch v\u1ee5 Internet (ISP), trang b\u1ea1n \u0111\u00e3 truy c\u1eadp, th\u1eddi gian v\u00e0 ng\u00e0y truy c\u1eadp, v\u00e0 d\u1eef li\u1ec7u cookie.<\/p>\n<h3><span class=\"ez-toc-section\" id=\"Su_dung_Thong_tin\"><\/span>S\u1eed d\u1ee5ng Th\u00f4ng tin<span class=\"ez-toc-section-end\"><\/span><\/h3>\n<p>Th\u00f4ng tin m\u00e0 ch\u00fang t\u00f4i thu th\u1eadp t\u1eeb b\u1ea1n c\u00f3 th\u1ec3 \u0111\u01b0\u1ee3c s\u1eed d\u1ee5ng \u0111\u1ec3:<\/p>\n<ol>\n<li>Cung c\u1ea5p v\u00e0 c\u1ea3i thi\u1ec7n d\u1ecbch v\u1ee5 c\u1ee7a ch\u00fang t\u00f4i.<\/li>\n<li>Qu\u1ea3n l\u00fd t\u00e0i kho\u1ea3n c\u1ee7a b\u1ea1n v\u00e0 x\u1eed l\u00fd giao d\u1ecbch.<\/li>\n<li>G\u1eedi th\u00f4ng tin qu\u1ea3ng c\u00e1o, c\u1eadp nh\u1eadt v\u00e0 c\u00e1c th\u00f4ng b\u00e1o kh\u00e1c v\u1edbi s\u1ef1 \u0111\u1ed3ng \u00fd c\u1ee7a b\u1ea1n.<\/li>\n<li>Ph\u00e2n t\u00edch v\u00e0 hi\u1ec3u v\u1ec1 c\u00e1ch trang web c\u1ee7a ch\u00fang t\u00f4i \u0111\u01b0\u1ee3c s\u1eed d\u1ee5ng.<\/li>\n<\/ol>\n<h3><span class=\"ez-toc-section\" id=\"Chia_se_va_Tiet_lo_Thong_tin\"><\/span>Chia s\u1ebb v\u00e0 Ti\u1ebft l\u1ed9 Th\u00f4ng tin<span class=\"ez-toc-section-end\"><\/span><\/h3>\n<p>Ch\u00fang t\u00f4i cam k\u1ebft kh\u00f4ng b\u00e1n, cho thu\u00ea, ho\u1eb7c chia s\u1ebb th\u00f4ng tin c\u00e1 nh\u00e2n c\u1ee7a b\u1ea1n v\u1edbi b\u00ean th\u1ee9 ba ngo\u1ea1i tr\u1eeb trong c\u00e1c tr\u01b0\u1eddng h\u1ee3p sau:<\/p>\n<ol>\n<li>V\u1edbi s\u1ef1 \u0111\u1ed3ng \u00fd c\u1ee7a b\u1ea1n.<\/li>\n<li>Khi c\u1ea7n thi\u1ebft cho c\u00e1c nh\u00e0 cung c\u1ea5p d\u1ecbch v\u1ee5 b\u00ean th\u1ee9 ba \u0111\u1ec3 h\u1ecd c\u00f3 th\u1ec3 cung c\u1ea5p d\u1ecbch v\u1ee5 h\u1ed7 tr\u1ee3 cho ch\u00fang t\u00f4i.<\/li>\n<li>Khi y\u00eau c\u1ea7u b\u1edfi ph\u00e1p lu\u1eadt ho\u1eb7c \u0111\u1ec3 b\u1ea3o v\u1ec7 quy\u1ec1n, t\u00e0i s\u1ea3n ho\u1eb7c an to\u00e0n c\u1ee7a ch\u00fang t\u00f4i ho\u1eb7c ng\u01b0\u1eddi kh\u00e1c.<\/li>\n<\/ol>\n<h3><span class=\"ez-toc-section\" id=\"Bao_ve_Thong_tin\"><\/span>B\u1ea3o v\u1ec7 Th\u00f4ng tin<span class=\"ez-toc-section-end\"><\/span><\/h3>\n<p>Ch\u00fang t\u00f4i \u00e1p d\u1ee5ng c\u00e1c bi\u1ec7n ph\u00e1p b\u1ea3o m\u1eadt h\u1ee3p l\u00fd v\u1ec1 m\u1eb7t k\u1ef9 thu\u1eadt v\u00e0 t\u1ed5 ch\u1ee9c \u0111\u1ec3 b\u1ea3o v\u1ec7 th\u00f4ng tin c\u00e1 nh\u00e2n c\u1ee7a b\u1ea1n kh\u1ecfi truy c\u1eadp, s\u1eed d\u1ee5ng ho\u1eb7c ti\u1ebft l\u1ed9 kh\u00f4ng \u0111\u01b0\u1ee3c ph\u00e9p.<\/p>\n<h3><span class=\"ez-toc-section\" id=\"Quyen_cua_Ban\"><\/span>Quy\u1ec1n c\u1ee7a B\u1ea1n<span class=\"ez-toc-section-end\"><\/span><\/h3>\n<p>B\u1ea1n c\u00f3 quy\u1ec1n truy c\u1eadp, s\u1eeda \u0111\u1ed5i, v\u00e0 x\u00f3a th\u00f4ng tin c\u00e1 nh\u00e2n c\u1ee7a m\u00ecnh. B\u1ea1n c\u0169ng c\u00f3 quy\u1ec1n t\u1eeb ch\u1ed1i vi\u1ec7c s\u1eed d\u1ee5ng th\u00f4ng tin c\u00e1 nh\u00e2n c\u1ee7a m\u00ecnh cho m\u1ee5c \u0111\u00edch ti\u1ebfp th\u1ecb.<\/p>\n<h3><span class=\"ez-toc-section\" id=\"Thay_doi_Chinh_sach_Bao_mat\"><\/span>Thay \u0111\u1ed5i Ch\u00ednh s\u00e1ch B\u1ea3o m\u1eadt<span class=\"ez-toc-section-end\"><\/span><\/h3>\n<p>Ch\u00fang t\u00f4i c\u00f3 quy\u1ec1n c\u1eadp nh\u1eadt ch\u00ednh s\u00e1ch b\u1ea3o m\u1eadt n\u00e0y t\u00f9y th\u1eddi \u0111i\u1ec3m. Ch\u00fang t\u00f4i s\u1ebd th\u00f4ng b\u00e1o cho b\u1ea1n v\u1ec1 b\u1ea5t k\u1ef3 thay \u0111\u1ed5i n\u00e0o th\u00f4ng qua website c\u1ee7a ch\u00fang t\u00f4i ho\u1eb7c qua email.<\/p>\n<h3><span class=\"ez-toc-section\" id=\"Lien_he\"><\/span>Li\u00ean h\u1ec7<span class=\"ez-toc-section-end\"><\/span><\/h3>\n<p>N\u1ebfu b\u1ea1n c\u00f3 b\u1ea5t k\u1ef3 c\u00e2u h\u1ecfi ho\u1eb7c lo l\u1eafng n\u00e0o v\u1ec1 ch\u00ednh s\u00e1ch b\u1ea3o m\u1eadt n\u00e0y, xin vui l\u00f2ng li\u00ean h\u1ec7 v\u1edbi ch\u00fang t\u00f4i t\u1ea1i email keonhacai5@tenisweb c\u1ee7a &#8220;K\u00e8o Nh\u00e0 C\u00e1i 5 TenisWeb&#8221;.<\/p>\n<p>Ch\u00fang t\u00f4i khuy\u1ebfn kh\u00edch b\u1ea1n th\u01b0\u1eddng xuy\u00ean xem l\u1ea1i ch\u00ednh s\u00e1ch b\u1ea3o m\u1eadt n\u00e0y \u0111\u1ec3 \u0111\u1ea3m b\u1ea3o b\u1ea1n hi\u1ec3u c\u00e1ch th\u1ee9c ch\u00fang t\u00f4i b\u1ea3o v\u1ec7 th\u00f4ng tin c\u00e1 nh\u00e2n c\u1ee7a b\u1ea1n v\u00e0 tu\u00e2n th\u1ee7 c\u00e1c quy \u0111\u1ecbnh ph\u00e1p l\u00fd.<\/p>\n<p>\u00a0<\/p>\n\n","protected":false},"excerpt":{"rendered":"","protected":false},"author":2,"featured_media":93,"parent":0,"menu_order":0,"comment_status":"closed","ping_status":"closed","template":"","meta":{"footnotes":""},"class_list":["post-33","page","type-page","status-publish","has-post-thumbnail","hentry"],"_links":{"self":[{"href":"https:\/\/bareitallpetfoods.com\/keonhacai-ty-le-keo-nha-cai\/wp-json\/wp\/v2\/pages\/33","targetHints":{"allow":["GET"]}}],"collection":[{"href":"https:\/\/bareitallpetfoods.com\/keonhacai-ty-le-keo-nha-cai\/wp-json\/wp\/v2\/pages"}],"about":[{"href":"https:\/\/bareitallpetfoods.com\/keonhacai-ty-le-keo-nha-cai\/wp-json\/wp\/v2\/types\/page"}],"author":[{"embeddable":true,"href":"https:\/\/bareitallpetfoods.com\/keonhacai-ty-le-keo-nha-cai\/wp-json\/wp\/v2\/users\/2"}],"replies":[{"embeddable":true,"href":"https:\/\/bareitallpetfoods.com\/keonhacai-ty-le-keo-nha-cai\/wp-json\/wp\/v2\/comments?post=33"}],"version-history":[{"count":3,"href":"https:\/\/bareitallpetfoods.com\/keonhacai-ty-le-keo-nha-cai\/wp-json\/wp\/v2\/pages\/33\/revisions"}],"predecessor-version":[{"id":94,"href":"https:\/\/bareitallpetfoods.com\/keonhacai-ty-le-keo-nha-cai\/wp-json\/wp\/v2\/pages\/33\/revisions\/94"}],"wp:featuredmedia":[{"embeddable":true,"href":"https:\/\/bareitallpetfoods.com\/keonhacai-ty-le-keo-nha-cai\/wp-json\/wp\/v2\/media\/93"}],"wp:attachment":[{"href":"https:\/\/bareitallpetfoods.com\/keonhacai-ty-le-keo-nha-cai\/wp-json\/wp\/v2\/media?parent=33"}],"curies":[{"name":"wp","href":"https:\/\/api.w.org\/{rel}","templated":true}]}}