{"id":46,"date":"2024-02-16T15:28:18","date_gmt":"2024-02-16T08:28:18","guid":{"rendered":"https:\/\/bareitallpetfoods.com\/keonhacai-ty-le-keo-nha-cai\/?page_id=46"},"modified":"2024-02-19T15:08:22","modified_gmt":"2024-02-19T08:08:22","slug":"contact","status":"publish","type":"page","link":"https:\/\/bareitallpetfoods.com\/keonhacai-ty-le-keo-nha-cai\/contact\/","title":{"rendered":"Li\u00ean H\u1ec7 V\u1edbi K\u00e8o Nh\u00e0 C\u00e1i 5 Tenisweb"},"content":{"rendered":"\n<h1 style=\"text-align: center;\">K\u1ebft N\u1ed1i V\u1edbi Ch\u00fang T\u00f4i<\/h1>\n<p><img loading=\"lazy\" decoding=\"async\" class=\"size-full wp-image-97 aligncenter\" src=\"https:\/\/bareitallpetfoods.com\/wp-content\/uploads\/2024\/02\/lien-he-keo-nha-cai-5-tenisweb.webp\" alt=\"lien-he-keo-nha-cai-5-tenisweb\" width=\"800\" height=\"450\" srcset=\"https:\/\/bareitallpetfoods.com\/wp-content\/uploads\/2024\/02\/lien-he-keo-nha-cai-5-tenisweb.webp 800w, https:\/\/bareitallpetfoods.com\/wp-content\/uploads\/2024\/02\/lien-he-keo-nha-cai-5-tenisweb-300x169.webp 300w, https:\/\/bareitallpetfoods.com\/wp-content\/uploads\/2024\/02\/lien-he-keo-nha-cai-5-tenisweb-768x432.webp 768w\" sizes=\"auto, (max-width: 800px) 100vw, 800px\" \/><\/p>\n<p>T\u1ea1i &#8220;<a href=\"https:\/\/bareitallpetfoods.com\/keonhacai-ty-le-keo-nha-cai\/\">K\u00e8o Nh\u00e0 C\u00e1i 5 Tenisweb<\/a>&#8220;, ch\u00fang t\u00f4i lu\u00f4n tr\u00e2n tr\u1ecdng m\u1ecdi \u00fd ki\u1ebfn t\u1eeb b\u1ea1n! D\u00f9 l\u00e0 th\u1eafc m\u1eafc, g\u00f3p \u00fd, hay mu\u1ed1n chia s\u1ebb suy ngh\u0129, \u0111\u1ed9i ng\u0169 c\u1ee7a ch\u00fang t\u00f4i lu\u00f4n s\u1eb5n l\u00f2ng l\u1eafng nghe v\u00e0 ph\u1ee5c v\u1ee5. \u0110\u1eebng ng\u1ea7n ng\u1ea1i g\u1eedi th\u00f4ng \u0111i\u1ec7p c\u1ee7a b\u1ea1n qua c\u00e1c ph\u01b0\u01a1ng ti\u1ec7n li\u00ean l\u1ea1c d\u01b0\u1edbi \u0111\u00e2y:<\/p>\n<p>Email: <a target=\"_new\" rel=\"noopener\">keonhacai5@bareitallpetfoods.com<\/a><\/p>\n<p>S\u1ed1 \u0110i\u1ec7n Tho\u1ea1i: 0911235499<\/p>\n<p>Trang Web: <a href=\"https:\/\/bareitallpetfoods.com\/\">K\u00e8o Nh\u00e0 C\u00e1i 5 Tenisweb<\/a><\/p>\n<p>Ch\u00fang t\u00f4i lu\u00f4n khao kh\u00e1t nh\u1eadn \u0111\u01b0\u1ee3c ph\u1ea3n h\u1ed3i \u0111\u1ec3 t\u1eeb \u0111\u00f3 c\u1ea3i thi\u1ec7n d\u1ecbch v\u1ee5 v\u00e0 n\u1ed9i dung c\u1ee7a m\u00ecnh. M\u1ed7i g\u00f3p \u00fd c\u1ee7a b\u1ea1n l\u00e0 m\u1ed9t m\u00f3n qu\u00e0 qu\u00fd b\u00e1u, s\u1ebd \u0111\u01b0\u1ee3c t\u00f4i v\u00e0 to\u00e0n b\u1ed9 \u0111\u1ed9i ng\u0169 ch\u00fang t\u00f4i tr\u00e2n tr\u1ecdng v\u00e0 xem x\u00e9t k\u1ef9 l\u01b0\u1ee1ng.<\/p>\n<p>T\u00f4i l\u00e0 Quang Vinh, lu\u00f4n t\u00ecm ki\u1ebfm c\u01a1 h\u1ed9i \u0111\u1ec3 k\u1ebft n\u1ed1i v\u1edbi nh\u1eefng ng\u01b0\u1eddi \u0111am m\u00ea tenis v\u00e0 c\u00e1 c\u01b0\u1ee3c th\u1ec3 thao. N\u1ebfu b\u1ea1n c\u00f3 \u00fd t\u01b0\u1edfng ho\u1eb7c d\u1ef1 \u00e1n mu\u1ed1n th\u1ea3o lu\u1eadn, xin \u0111\u1eebng ng\u1ea7n ng\u1ea1i li\u00ean h\u1ec7 tr\u1ef1c ti\u1ebfp v\u1edbi t\u00f4i qua email ho\u1eb7c s\u1ed1 \u0111i\u1ec7n tho\u1ea1i \u0111\u00e3 \u0111\u01b0\u1ee3c cung c\u1ea5p.<\/p>\n\n","protected":false},"excerpt":{"rendered":"","protected":false},"author":2,"featured_media":0,"parent":0,"menu_order":0,"comment_status":"closed","ping_status":"closed","template":"","meta":{"footnotes":""},"class_list":["post-46","page","type-page","status-publish","hentry"],"_links":{"self":[{"href":"https:\/\/bareitallpetfoods.com\/keonhacai-ty-le-keo-nha-cai\/wp-json\/wp\/v2\/pages\/46","targetHints":{"allow":["GET"]}}],"collection":[{"href":"https:\/\/bareitallpetfoods.com\/keonhacai-ty-le-keo-nha-cai\/wp-json\/wp\/v2\/pages"}],"about":[{"href":"https:\/\/bareitallpetfoods.com\/keonhacai-ty-le-keo-nha-cai\/wp-json\/wp\/v2\/types\/page"}],"author":[{"embeddable":true,"href":"https:\/\/bareitallpetfoods.com\/keonhacai-ty-le-keo-nha-cai\/wp-json\/wp\/v2\/users\/2"}],"replies":[{"embeddable":true,"href":"https:\/\/bareitallpetfoods.com\/keonhacai-ty-le-keo-nha-cai\/wp-json\/wp\/v2\/comments?post=46"}],"version-history":[{"count":4,"href":"https:\/\/bareitallpetfoods.com\/keonhacai-ty-le-keo-nha-cai\/wp-json\/wp\/v2\/pages\/46\/revisions"}],"predecessor-version":[{"id":98,"href":"https:\/\/bareitallpetfoods.com\/keonhacai-ty-le-keo-nha-cai\/wp-json\/wp\/v2\/pages\/46\/revisions\/98"}],"wp:attachment":[{"href":"https:\/\/bareitallpetfoods.com\/keonhacai-ty-le-keo-nha-cai\/wp-json\/wp\/v2\/media?parent=46"}],"curies":[{"name":"wp","href":"https:\/\/api.w.org\/{rel}","templated":true}]}}